{"id":10345,"date":"2019-09-05T12:33:07","date_gmt":"2019-09-05T12:33:07","guid":{"rendered":"http:\/\/zikas.si\/domov\/"},"modified":"2024-04-03T11:02:27","modified_gmt":"2024-04-03T11:02:27","slug":"domov","status":"publish","type":"page","link":"https:\/\/zikas.si\/de\/","title":{"rendered":"Startseite"},"content":{"rendered":"\t<section class=\"section hero-overlay dark\" id=\"section_113012978\">\n\t\t<div class=\"bg section-bg fill bg-fill  \" >\n\n\t\t\t\n\t\t\t\n\t\t\t\n\n\t\t<\/div><!-- .section-bg -->\n\n\t\t<div class=\"section-content relative\">\n\t\t\t\n<div class=\"row align-middle\"  id=\"row-2029936848\">\n<div class=\"col medium-8 small-12 large-6\"  ><div class=\"col-inner\"  >\n<h1 class=\"hero-h1\">Unser Unternehmen ist spezialisiert auf den Verkauf von elektrischen Leitungen, Kabeln und Zubeh\u00f6r<\/h1>\n<a href=\"#povprasevanje-popup\" target=\"_self\" class=\"button secondary lowercase\"  style=\"border-radius:99px;\">\n    <span>Anfrage senden<\/span>\n  <\/a>\n\n<\/div><\/div>\n\n<style scope=\"scope\">\n\n<\/style>\n<\/div>\n\t\t<\/div><!-- .section-content -->\n\n\t\t\n<style scope=\"scope\">\n\n#section_113012978 {\n  padding-top: 30px;\n  padding-bottom: 30px;\n}\n#section_113012978 .section-bg.bg-loaded {\n  background-image: url(https:\/\/zikas.si\/wp-content\/uploads\/2020\/04\/hero-slika-kabel-scaled-1.jpg);\n}\n<\/style>\n\t<\/section>\n\t\n\n\t<section class=\"section pb-70 zakaj-sodelovati-section dark\" id=\"section_1978168405\">\n\t\t<div class=\"bg section-bg fill bg-fill  \" >\n\n\t\t\t\n\t\t\t\n\t\t\t\n\n\t\t<\/div><!-- .section-bg -->\n\n\t\t<div class=\"section-content relative\">\n\t\t\t\n<div class=\"row row-large align-right\"  id=\"row-1274663583\">\n\n<div class=\"col medium-6 small-12 large-6\"  ><div class=\"col-inner text-left\"  >\n\n<h2>Warum sind wir der richtige Partner f\u00fcr sie<\/h2>\n<div class=\"is-divider divider clearfix\" ><\/div><!-- .divider -->\n\n<p>Wir sind stolz auf unsere einzigartige Kundenbeziehung, die wir jeden Tag mit unseren Kollegen<br \/>\naufbauen und sicherstellen, dass die Arbeit reibungslos und optimal ausgef\u00fchrt wird. Mit dieser<br \/>\nArbeitsweise und einer breiten Produktpalette haben wir viele Projekte wie Solarkraftwerke, Tunnel<br \/>\nund Windparks erfolgreich abgeschlossen. Dies ist jedoch eine Chance f\u00fcr ein j\u00e4hrliches Wachstum<br \/>\nvon mindestens 10 Prozent.<\/p>\n\n<\/div><\/div>\n<div class=\"col medium-6 small-12 large-6\"  ><div class=\"col-inner\"  >\n\n\t<div class=\"img has-hover x md-x lg-x y md-y lg-y\" id=\"image_1392365763\">\n\t\t\t\t\t\t\t\t<div class=\"img-inner image-cover dark\" style=\"padding-top:90%;\">\n\t\t\t<img loading=\"lazy\" decoding=\"async\" width=\"1020\" height=\"680\" src=\"https:\/\/zikas.si\/wp-content\/uploads\/2022\/08\/DEZO0461-Rok-Dezelak-RD2-1-1024x683.jpg\" class=\"attachment-large size-large\" alt=\"\" srcset=\"https:\/\/zikas.si\/wp-content\/uploads\/2022\/08\/DEZO0461-Rok-Dezelak-RD2-1-1024x683.jpg 1024w, https:\/\/zikas.si\/wp-content\/uploads\/2022\/08\/DEZO0461-Rok-Dezelak-RD2-1-scaled-510x340.jpg 510w, https:\/\/zikas.si\/wp-content\/uploads\/2022\/08\/DEZO0461-Rok-Dezelak-RD2-1-300x200.jpg 300w, https:\/\/zikas.si\/wp-content\/uploads\/2022\/08\/DEZO0461-Rok-Dezelak-RD2-1-768x512.jpg 768w, https:\/\/zikas.si\/wp-content\/uploads\/2022\/08\/DEZO0461-Rok-Dezelak-RD2-1-1536x1024.jpg 1536w, https:\/\/zikas.si\/wp-content\/uploads\/2022\/08\/DEZO0461-Rok-Dezelak-RD2-1-2048x1365.jpg 2048w, https:\/\/zikas.si\/wp-content\/uploads\/2022\/08\/DEZO0461-Rok-Dezelak-RD2-1-522x348.jpg 522w, https:\/\/zikas.si\/wp-content\/uploads\/2022\/08\/DEZO0461-Rok-Dezelak-RD2-1-1000x667.jpg 1000w\" sizes=\"auto, (max-width: 1020px) 100vw, 1020px\" \/>\t\t\t\t\t\t\n\t\t\t\t\t<\/div>\n\t\t\t\t\t\t\t\t\n<style scope=\"scope\">\n\n#image_1392365763 {\n  width: 100%;\n}\n<\/style>\n\t<\/div>\n\t\n\n\n<\/div><\/div>\n\n\n<style scope=\"scope\">\n\n<\/style>\n<\/div>\n<div class=\"gap-element clearfix\" style=\"display:block; height:auto; padding-top:70px\"><\/div>\n<div class=\"row\"  id=\"row-2081127772\">\n\n<div class=\"col medium-3 small-6 large-3\"  ><div class=\"col-inner\"  >\n\n\n\t\t<div class=\"icon-box featured-box icon-box-center text-center\"  >\n\t\t\t\t\t<div class=\"icon-box-img\" style=\"width: 60px\">\n\t\t\t\t<div class=\"icon\">\n\t\t\t\t\t<div class=\"icon-inner\" >\n\t\t\t\t\t\t<img loading=\"lazy\" decoding=\"async\" width=\"120\" height=\"120\" src=\"https:\/\/zikas.si\/wp-content\/uploads\/2020\/04\/hitra-in-fleksibilna-dostava@2x.png\" class=\"attachment-medium size-medium\" alt=\"hitra-in-fleksibilna-dostava@2x\" srcset=\"https:\/\/zikas.si\/wp-content\/uploads\/2020\/04\/hitra-in-fleksibilna-dostava@2x.png 120w, https:\/\/zikas.si\/wp-content\/uploads\/2020\/04\/hitra-in-fleksibilna-dostava@2x-100x100.png 100w\" sizes=\"auto, (max-width: 120px) 100vw, 120px\" \/>\t\t\t\t\t<\/div>\n\t\t\t\t<\/div>\n\t\t\t<\/div>\n\t\t\t\t<div class=\"icon-box-text last-reset\">\n\t\t\t\t\t\t\t\t\t\n\n<h5>Hitra in fleksibilna dostava<\/h5>\n<p>Izku\u0161enost nam omogo\u010da la\u017eje predvideti na\u010din dostave, tudi ko je potrebno blago razlo\u017eiti na mestu.<\/p>\n\n\t\t<\/div>\n\t<\/div><!-- .icon-box -->\n\t\n\t\n\n<\/div><\/div>\n<div class=\"col medium-3 small-6 large-3\"  ><div class=\"col-inner\"  >\n\n\n\t\t<div class=\"icon-box featured-box icon-box-center text-center\"  >\n\t\t\t\t\t<div class=\"icon-box-img\" style=\"width: 60px\">\n\t\t\t\t<div class=\"icon\">\n\t\t\t\t\t<div class=\"icon-inner\" >\n\t\t\t\t\t\t<img loading=\"lazy\" decoding=\"async\" width=\"120\" height=\"120\" src=\"https:\/\/zikas.si\/wp-content\/uploads\/2020\/04\/osebni-pristop@2x.png\" class=\"attachment-medium size-medium\" alt=\"\" srcset=\"https:\/\/zikas.si\/wp-content\/uploads\/2020\/04\/osebni-pristop@2x.png 120w, https:\/\/zikas.si\/wp-content\/uploads\/2020\/04\/osebni-pristop@2x-100x100.png 100w\" sizes=\"auto, (max-width: 120px) 100vw, 120px\" \/>\t\t\t\t\t<\/div>\n\t\t\t\t<\/div>\n\t\t\t<\/div>\n\t\t\t\t<div class=\"icon-box-text last-reset\">\n\t\t\t\t\t\t\t\t\t\n\n<h5>Osebni pristop<\/h5>\n<p>S strankami gradimo pristen osebni odnos, vam svetujemo in pomagamo pri odlo\u010ditvah.<\/p>\n\n\t\t<\/div>\n\t<\/div><!-- .icon-box -->\n\t\n\t\n\n<\/div><\/div>\n<div class=\"col medium-3 small-6 large-3\"  ><div class=\"col-inner\"  >\n\n\n\t\t<div class=\"icon-box featured-box icon-box-center text-center\"  >\n\t\t\t\t\t<div class=\"icon-box-img\" style=\"width: 60px\">\n\t\t\t\t<div class=\"icon\">\n\t\t\t\t\t<div class=\"icon-inner\" >\n\t\t\t\t\t\t<img loading=\"lazy\" decoding=\"async\" width=\"120\" height=\"120\" src=\"https:\/\/zikas.si\/wp-content\/uploads\/2020\/04\/sirok-nabor-artiklov@2x.png\" class=\"attachment-medium size-medium\" alt=\"\" srcset=\"https:\/\/zikas.si\/wp-content\/uploads\/2020\/04\/sirok-nabor-artiklov@2x.png 120w, https:\/\/zikas.si\/wp-content\/uploads\/2020\/04\/sirok-nabor-artiklov@2x-100x100.png 100w\" sizes=\"auto, (max-width: 120px) 100vw, 120px\" \/>\t\t\t\t\t<\/div>\n\t\t\t\t<\/div>\n\t\t\t<\/div>\n\t\t\t\t<div class=\"icon-box-text last-reset\">\n\t\t\t\t\t\t\t\t\t\n\n<h5>\u0160irok nabor artiklov<\/h5>\n<p>Velikost skladi\u0161\u010da omogo\u010da, velik izbor kablov in \u017eic, v ogromno dimenzijah, barvah in pakiranjih.<\/p>\n\n\t\t<\/div>\n\t<\/div><!-- .icon-box -->\n\t\n\t\n\n<\/div><\/div>\n<div class=\"col medium-3 small-6 large-3\"  ><div class=\"col-inner\"  >\n\n\n\t\t<div class=\"icon-box featured-box icon-box-center text-center\"  >\n\t\t\t\t\t<div class=\"icon-box-img\" style=\"width: 60px\">\n\t\t\t\t<div class=\"icon\">\n\t\t\t\t\t<div class=\"icon-inner\" >\n\t\t\t\t\t\t<img loading=\"lazy\" decoding=\"async\" width=\"120\" height=\"120\" src=\"https:\/\/zikas.si\/wp-content\/uploads\/2020\/04\/strankine-zelje@2x.png\" class=\"attachment-medium size-medium\" alt=\"\" srcset=\"https:\/\/zikas.si\/wp-content\/uploads\/2020\/04\/strankine-zelje@2x.png 120w, https:\/\/zikas.si\/wp-content\/uploads\/2020\/04\/strankine-zelje@2x-100x100.png 100w\" sizes=\"auto, (max-width: 120px) 100vw, 120px\" \/>\t\t\t\t\t<\/div>\n\t\t\t\t<\/div>\n\t\t\t<\/div>\n\t\t\t\t<div class=\"icon-box-text last-reset\">\n\t\t\t\t\t\t\t\t\t\n\n<h5>Skrbimo za strankine \u017eelje<\/h5>\n<p>Kupec je kralj je stara fraza, a \u0161e kako dr\u017ei, saj se trudimo izpolniti raznorazne \u017eelje strank.<\/p>\n\n\t\t<\/div>\n\t<\/div><!-- .icon-box -->\n\t\n\t\n\n<\/div><\/div>\n\n<\/div>\n\t\t<\/div><!-- .section-content -->\n\n\t\t\n<style scope=\"scope\">\n\n#section_1978168405 {\n  padding-top: 30px;\n  padding-bottom: 30px;\n}\n#section_1978168405 .section-bg.bg-loaded {\n  background-image: url(https:\/\/zikas.si\/wp-content\/uploads\/2019\/10\/zakaj-sodelovati-z-nami-bg-scaled.jpg);\n}\n<\/style>\n\t<\/section>\n\t\n\n\t<section class=\"section\" id=\"section_543733195\">\n\t\t<div class=\"bg section-bg fill bg-fill  bg-loaded\" >\n\n\t\t\t\n\t\t\t\n\t\t\t\n\n\t\t<\/div><!-- .section-bg -->\n\n\t\t<div class=\"section-content relative\">\n\t\t\t\n\n<div class=\"row\"  id=\"row-1209153569\">\n\n<div class=\"col small-12 large-12\"  ><div class=\"col-inner\"  >\n\n<h2 style=\"text-align: center;\">Storitve<\/h2>\n<div class=\"gap-element clearfix\" style=\"display:block; height:auto; padding-top:30px\"><\/div>\n\n<div class=\"accordion\" rel=\"\">\n\n<div class=\"accordion-item\"><a href=\"#\" class=\"accordion-title plain\"><button class=\"toggle\"><i class=\"icon-angle-down\"><\/i><\/button><span>Rezanje kablov na \u017eeljeno dol\u017eino<\/span><\/a><div class=\"accordion-inner\">\n\n<p>Z napravama za rezanje kablov lahko re\u017eemo kable do preseka 300 mm, na kolutih do maksimalne<br \/>\nte\u017ee 6,5 ton. Naro\u010dene dol\u017eine, ob upo\u0161tevanju lastnostih kabla, navijemo na \u017eeljene velikosti<br \/>\nbobnov.<\/p>\n\n<\/div><\/div>\n<div class=\"accordion-item\"><a href=\"#\" class=\"accordion-title plain\"><button class=\"toggle\"><i class=\"icon-angle-down\"><\/i><\/button><span>Pobiranje praznih kolutov<\/span><\/a><div class=\"accordion-inner\">\n\n<p>Na \u017eeljo strank pobiramo povratno embala\u017eo kot so koluti in palete in jih ponovno uporabimo. Vsa<br \/>\nembala\u017ea je primarno narejena za ve\u010dkratno uporabo, zato je tudi v na\u0161em interesu da se \u010dim ve\u010dkrat<br \/>\nporabi. Strankam veliki koluti delajo na gradbi\u0161\u010dih ali v skladi\u0161\u010du le napoto.<\/p>\n\n<\/div><\/div>\n<div class=\"accordion-item\"><a href=\"#\" class=\"accordion-title plain\"><button class=\"toggle\"><i class=\"icon-angle-down\"><\/i><\/button><span>Posebne \u017eelje kupca<\/span><\/a><div class=\"accordion-inner\">\n\n<p>\u010ce ima stranka posebne \u017eelje po ozna\u010devanju bobnov, za la\u017ejo lastno sledljivost kabla med<br \/>\npolaganjem na gradbi\u0161\u010du, takim \u017eeljam z veseljem ustre\u017eemo. Ozna\u010devanja z besedilom, barvna<br \/>\nozna\u010devanja, ve\u010d dol\u017ein (ozna\u010denih) na enem kolutu, skratka vse kar si kupec za\u017eeli.<\/p>\n\n<\/div><\/div>\n<div class=\"accordion-item\"><a href=\"#\" class=\"accordion-title plain\"><button class=\"toggle\"><i class=\"icon-angle-down\"><\/i><\/button><span>Odzivnost<\/span><\/a><div class=\"accordion-inner\">\n\n<p>Potrebujete konkuren\u010dno ponudbo, stanje zalog, alternativno re\u0161itev trenutnim kablom? Mi vam<br \/>\nsvetujemo, pri vseh va\u0161ih vpra\u0161anjih in zanimanjih, ki jih imate.<\/p>\n\n<\/div><\/div>\n<div class=\"accordion-item\"><a href=\"#\" class=\"accordion-title plain\"><button class=\"toggle\"><i class=\"icon-angle-down\"><\/i><\/button><span>Dostavna vozila<\/span><\/a><div class=\"accordion-inner\">\n\n<p>Z na\u0161imi pogodbeniki in zunanjimi izvajalci vr\u0161imo vse vrste dostav, ki si jih stranka za\u017eeli, od navadne<br \/>\nhitre dostave s kombijem in dostave z nakladalno rampo, prav tako ponujamo mo\u017enost razklada<br \/>\nte\u017ejih kolutov ali razklad palet v vi\u0161ja nadstropja z \u017eerjavom.<\/p>\n\n<\/div><\/div>\n\n<\/div>\n<div class=\"gap-element clearfix\" style=\"display:block; height:auto; padding-top:30px\"><\/div>\n\n\n<\/div><\/div>\n<div class=\"col pb-0 small-12 large-12\"  ><div class=\"col-inner text-center\"  >\n\n<a href=\"#povprasevanje-popup\" target=\"_self\" class=\"button secondary\"  style=\"border-radius:99px;\">\n    <span>Po\u0161lji povpra\u0161evanje<\/span>\n  <\/a>\n\n\n\n<\/div><\/div>\n\n\n<style scope=\"scope\">\n\n<\/style>\n<\/div>\n\n\t\t<\/div><!-- .section-content -->\n\n\t\t\n<style scope=\"scope\">\n\n#section_543733195 {\n  padding-top: 30px;\n  padding-bottom: 30px;\n  background-color: rgb(246, 246, 246);\n}\n<\/style>\n\t<\/section>\n\t\n","protected":false},"excerpt":{"rendered":"","protected":false},"author":1,"featured_media":0,"parent":0,"menu_order":0,"comment_status":"closed","ping_status":"closed","template":"page-blank.php","meta":{"_acf_changed":false,"footnotes":""},"class_list":["post-10345","page","type-page","status-publish","hentry"],"acf":[],"yoast_head":"<!-- This site is optimized with the Yoast SEO plugin v27.0 - https:\/\/yoast.com\/product\/yoast-seo-wordpress\/ -->\n<title>Startseite - Zikas<\/title>\n<meta name=\"robots\" content=\"index, follow, max-snippet:-1, max-image-preview:large, max-video-preview:-1\" \/>\n<link rel=\"canonical\" href=\"https:\/\/zikas.si\/de\/\" \/>\n<meta property=\"og:locale\" content=\"de_DE\" \/>\n<meta property=\"og:type\" content=\"article\" \/>\n<meta property=\"og:title\" content=\"Startseite - Zikas\" \/>\n<meta property=\"og:url\" content=\"https:\/\/zikas.si\/de\/\" \/>\n<meta property=\"og:site_name\" content=\"Zikas\" \/>\n<meta property=\"article:modified_time\" content=\"2024-04-03T11:02:27+00:00\" \/>\n<meta name=\"twitter:card\" content=\"summary_large_image\" \/>\n<meta name=\"twitter:label1\" content=\"Gesch\u00e4tzte Lesezeit\" \/>\n\t<meta name=\"twitter:data1\" content=\"1\u00a0Minute\" \/>\n<script type=\"application\/ld+json\" class=\"yoast-schema-graph\">{\"@context\":\"https:\/\/schema.org\",\"@graph\":[{\"@type\":\"WebPage\",\"@id\":\"https:\/\/zikas.si\/de\/\",\"url\":\"https:\/\/zikas.si\/de\/\",\"name\":\"Startseite - Zikas\",\"isPartOf\":{\"@id\":\"https:\/\/zikas.si\/#website\"},\"datePublished\":\"2019-09-05T12:33:07+00:00\",\"dateModified\":\"2024-04-03T11:02:27+00:00\",\"breadcrumb\":{\"@id\":\"https:\/\/zikas.si\/de\/#breadcrumb\"},\"inLanguage\":\"de\",\"potentialAction\":[{\"@type\":\"ReadAction\",\"target\":[\"https:\/\/zikas.si\/de\/\"]}]},{\"@type\":\"BreadcrumbList\",\"@id\":\"https:\/\/zikas.si\/de\/#breadcrumb\",\"itemListElement\":[{\"@type\":\"ListItem\",\"position\":1,\"name\":\"Startseite\",\"item\":\"https:\/\/zikas.si\/de\/\"},{\"@type\":\"ListItem\",\"position\":2,\"name\":\"Startseite\"}]},{\"@type\":\"WebSite\",\"@id\":\"https:\/\/zikas.si\/#website\",\"url\":\"https:\/\/zikas.si\/\",\"name\":\"Zikas\",\"description\":\"prodaja elektro vodnikov, kablov ter ostalega elektro materiala\",\"potentialAction\":[{\"@type\":\"SearchAction\",\"target\":{\"@type\":\"EntryPoint\",\"urlTemplate\":\"https:\/\/zikas.si\/?s={search_term_string}\"},\"query-input\":{\"@type\":\"PropertyValueSpecification\",\"valueRequired\":true,\"valueName\":\"search_term_string\"}}],\"inLanguage\":\"de\"}]}<\/script>\n<!-- \/ Yoast SEO plugin. -->","yoast_head_json":{"title":"Startseite - Zikas","robots":{"index":"index","follow":"follow","max-snippet":"max-snippet:-1","max-image-preview":"max-image-preview:large","max-video-preview":"max-video-preview:-1"},"canonical":"https:\/\/zikas.si\/de\/","og_locale":"de_DE","og_type":"article","og_title":"Startseite - Zikas","og_url":"https:\/\/zikas.si\/de\/","og_site_name":"Zikas","article_modified_time":"2024-04-03T11:02:27+00:00","twitter_card":"summary_large_image","twitter_misc":{"Gesch\u00e4tzte Lesezeit":"1\u00a0Minute"},"schema":{"@context":"https:\/\/schema.org","@graph":[{"@type":"WebPage","@id":"https:\/\/zikas.si\/de\/","url":"https:\/\/zikas.si\/de\/","name":"Startseite - Zikas","isPartOf":{"@id":"https:\/\/zikas.si\/#website"},"datePublished":"2019-09-05T12:33:07+00:00","dateModified":"2024-04-03T11:02:27+00:00","breadcrumb":{"@id":"https:\/\/zikas.si\/de\/#breadcrumb"},"inLanguage":"de","potentialAction":[{"@type":"ReadAction","target":["https:\/\/zikas.si\/de\/"]}]},{"@type":"BreadcrumbList","@id":"https:\/\/zikas.si\/de\/#breadcrumb","itemListElement":[{"@type":"ListItem","position":1,"name":"Startseite","item":"https:\/\/zikas.si\/de\/"},{"@type":"ListItem","position":2,"name":"Startseite"}]},{"@type":"WebSite","@id":"https:\/\/zikas.si\/#website","url":"https:\/\/zikas.si\/","name":"Zikas","description":"prodaja elektro vodnikov, kablov ter ostalega elektro materiala","potentialAction":[{"@type":"SearchAction","target":{"@type":"EntryPoint","urlTemplate":"https:\/\/zikas.si\/?s={search_term_string}"},"query-input":{"@type":"PropertyValueSpecification","valueRequired":true,"valueName":"search_term_string"}}],"inLanguage":"de"}]}},"_links":{"self":[{"href":"https:\/\/zikas.si\/de\/wp-json\/wp\/v2\/pages\/10345","targetHints":{"allow":["GET"]}}],"collection":[{"href":"https:\/\/zikas.si\/de\/wp-json\/wp\/v2\/pages"}],"about":[{"href":"https:\/\/zikas.si\/de\/wp-json\/wp\/v2\/types\/page"}],"author":[{"embeddable":true,"href":"https:\/\/zikas.si\/de\/wp-json\/wp\/v2\/users\/1"}],"replies":[{"embeddable":true,"href":"https:\/\/zikas.si\/de\/wp-json\/wp\/v2\/comments?post=10345"}],"version-history":[{"count":8,"href":"https:\/\/zikas.si\/de\/wp-json\/wp\/v2\/pages\/10345\/revisions"}],"predecessor-version":[{"id":29351,"href":"https:\/\/zikas.si\/de\/wp-json\/wp\/v2\/pages\/10345\/revisions\/29351"}],"wp:attachment":[{"href":"https:\/\/zikas.si\/de\/wp-json\/wp\/v2\/media?parent=10345"}],"curies":[{"name":"wp","href":"https:\/\/api.w.org\/{rel}","templated":true}]}}