{"id":11801,"date":"2019-09-11T12:56:30","date_gmt":"2019-09-11T12:56:30","guid":{"rendered":"http:\/\/zikas.si\/storitve\/"},"modified":"2020-02-18T14:30:07","modified_gmt":"2020-02-18T14:30:07","slug":"dienstleistungen","status":"publish","type":"page","link":"https:\/\/zikas.si\/de\/dienstleistungen\/","title":{"rendered":"Dienstleistungen"},"content":{"rendered":"\n\n\n\t<section class=\"section\" id=\"section_492800376\">\n\t\t<div class=\"bg section-bg fill bg-fill  bg-loaded\" >\n\n\t\t\t\n\t\t\t\n\t\t\t\n\n\t\t<\/div><!-- .section-bg -->\n\n\t\t<div class=\"section-content relative\">\n\t\t\t\n\n<div class=\"row\"  id=\"row-123896592\">\n\n<div class=\"col small-12 large-12\"  ><div class=\"col-inner\"  >\n\n<h2 style=\"text-align: center;\">Storitve<\/h2>\n<div class=\"gap-element clearfix\" style=\"display:block; height:auto; padding-top:30px\"><\/div>\n\n<div class=\"accordion\" rel=\"\">\n\n<div class=\"accordion-item\"><a href=\"#\" class=\"accordion-title plain\"><button class=\"toggle\"><i class=\"icon-angle-down\"><\/i><\/button><span>Rezanje kablov na \u017eeljeno dol\u017eino<\/span><\/a><div class=\"accordion-inner\">\n\n<p>Z napravama za rezanje kablov lahko re\u017eemo kable do preseka 300 mm, na kolutih do maksimalne<br \/>\nte\u017ee 6,5 ton. Naro\u010dene dol\u017eine, ob upo\u0161tevanju lastnostih kabla, navijemo na \u017eeljene velikosti<br \/>\nbobnov.<\/p>\n\n<\/div><\/div>\n<div class=\"accordion-item\"><a href=\"#\" class=\"accordion-title plain\"><button class=\"toggle\"><i class=\"icon-angle-down\"><\/i><\/button><span>Pobiranje praznih kolutov<\/span><\/a><div class=\"accordion-inner\">\n\n<p>Na \u017eeljo strank pobiramo povratno embala\u017eo kot so koluti in palete in jih ponovno uporabimo. Vsa<br \/>\nembala\u017ea je primarno narejena za ve\u010dkratno uporabo, zato je tudi v na\u0161em interesu da se \u010dim ve\u010dkrat<br \/>\nporabi. Strankam veliki koluti delajo na gradbi\u0161\u010dih ali v skladi\u0161\u010du le napoto.<\/p>\n\n<\/div><\/div>\n<div class=\"accordion-item\"><a href=\"#\" class=\"accordion-title plain\"><button class=\"toggle\"><i class=\"icon-angle-down\"><\/i><\/button><span>Posebne \u017eelje kupca<\/span><\/a><div class=\"accordion-inner\">\n\n<p>\u010ce ima stranka posebne \u017eelje po ozna\u010devanju bobnov, za la\u017ejo lastno sledljivost kabla med<br \/>\npolaganjem na gradbi\u0161\u010du, takim \u017eeljam z veseljem ustre\u017eemo. Ozna\u010devanja z besedilom, barvna<br \/>\nozna\u010devanja, ve\u010d dol\u017ein (ozna\u010denih) na enem kolutu, skratka vse kar si kupec za\u017eeli.<\/p>\n\n<\/div><\/div>\n<div class=\"accordion-item\"><a href=\"#\" class=\"accordion-title plain\"><button class=\"toggle\"><i class=\"icon-angle-down\"><\/i><\/button><span>Odzivnost<\/span><\/a><div class=\"accordion-inner\">\n\n<p>Potrebujete konkuren\u010dno ponudbo, stanje zalog, alternativno re\u0161itev trenutnim kablom? Mi vam<br \/>\nsvetujemo, pri vseh va\u0161ih vpra\u0161anjih in zanimanjih, ki jih imate.<\/p>\n\n<\/div><\/div>\n<div class=\"accordion-item\"><a href=\"#\" class=\"accordion-title plain\"><button class=\"toggle\"><i class=\"icon-angle-down\"><\/i><\/button><span>Dostavna vozila<\/span><\/a><div class=\"accordion-inner\">\n\n<p>Z na\u0161imi pogodbeniki in zunanjimi izvajalci vr\u0161imo vse vrste dostav, ki si jih stranka za\u017eeli, od navadne<br \/>\nhitre dostave s kombijem in dostave z nakladalno rampo, prav tako ponujamo mo\u017enost razklada<br \/>\nte\u017ejih kolutov ali razklad palet v vi\u0161ja nadstropja z \u017eerjavom.<\/p>\n\n<\/div><\/div>\n\n<\/div>\n<div class=\"gap-element clearfix\" style=\"display:block; height:auto; padding-top:30px\"><\/div>\n\n\n<\/div><\/div>\n<div class=\"col pb-0 small-12 large-12\"  ><div class=\"col-inner text-center\"  >\n\n<a href=\"#povprasevanje-popup\" target=\"_self\" class=\"button secondary\"  style=\"border-radius:99px;\">\n    <span>Po\u0161lji povpra\u0161evanje<\/span>\n  <\/a>\n\n\n\n<\/div><\/div>\n\n\n<style scope=\"scope\">\n\n<\/style>\n<\/div>\n\n\t\t<\/div><!-- .section-content -->\n\n\t\t\n<style scope=\"scope\">\n\n#section_492800376 {\n  padding-top: 30px;\n  padding-bottom: 30px;\n  background-color: rgb(246, 246, 246);\n}\n<\/style>\n\t<\/section>\n\t\n","protected":false},"excerpt":{"rendered":"","protected":false},"author":1,"featured_media":0,"parent":0,"menu_order":0,"comment_status":"closed","ping_status":"closed","template":"","meta":{"_acf_changed":false,"footnotes":""},"class_list":["post-11801","page","type-page","status-publish","hentry"],"acf":[],"yoast_head":"<!-- This site is optimized with the Yoast SEO plugin v27.0 - https:\/\/yoast.com\/product\/yoast-seo-wordpress\/ -->\n<title>Dienstleistungen - Zikas<\/title>\n<meta name=\"robots\" content=\"index, follow, max-snippet:-1, max-image-preview:large, max-video-preview:-1\" \/>\n<link rel=\"canonical\" href=\"https:\/\/zikas.si\/de\/dienstleistungen\/\" \/>\n<meta property=\"og:locale\" content=\"de_DE\" \/>\n<meta property=\"og:type\" content=\"article\" \/>\n<meta property=\"og:title\" content=\"Dienstleistungen - Zikas\" \/>\n<meta property=\"og:url\" content=\"https:\/\/zikas.si\/de\/dienstleistungen\/\" \/>\n<meta property=\"og:site_name\" content=\"Zikas\" \/>\n<meta property=\"article:modified_time\" content=\"2020-02-18T14:30:07+00:00\" \/>\n<meta name=\"twitter:card\" content=\"summary_large_image\" \/>\n<script type=\"application\/ld+json\" class=\"yoast-schema-graph\">{\"@context\":\"https:\/\/schema.org\",\"@graph\":[{\"@type\":\"WebPage\",\"@id\":\"https:\/\/zikas.si\/de\/dienstleistungen\/\",\"url\":\"https:\/\/zikas.si\/de\/dienstleistungen\/\",\"name\":\"Dienstleistungen - Zikas\",\"isPartOf\":{\"@id\":\"https:\/\/zikas.si\/#website\"},\"datePublished\":\"2019-09-11T12:56:30+00:00\",\"dateModified\":\"2020-02-18T14:30:07+00:00\",\"breadcrumb\":{\"@id\":\"https:\/\/zikas.si\/de\/dienstleistungen\/#breadcrumb\"},\"inLanguage\":\"de\",\"potentialAction\":[{\"@type\":\"ReadAction\",\"target\":[\"https:\/\/zikas.si\/de\/dienstleistungen\/\"]}]},{\"@type\":\"BreadcrumbList\",\"@id\":\"https:\/\/zikas.si\/de\/dienstleistungen\/#breadcrumb\",\"itemListElement\":[{\"@type\":\"ListItem\",\"position\":1,\"name\":\"Startseite\",\"item\":\"https:\/\/zikas.si\/de\/\"},{\"@type\":\"ListItem\",\"position\":2,\"name\":\"Dienstleistungen\"}]},{\"@type\":\"WebSite\",\"@id\":\"https:\/\/zikas.si\/#website\",\"url\":\"https:\/\/zikas.si\/\",\"name\":\"Zikas\",\"description\":\"prodaja elektro vodnikov, kablov ter ostalega elektro materiala\",\"potentialAction\":[{\"@type\":\"SearchAction\",\"target\":{\"@type\":\"EntryPoint\",\"urlTemplate\":\"https:\/\/zikas.si\/?s={search_term_string}\"},\"query-input\":{\"@type\":\"PropertyValueSpecification\",\"valueRequired\":true,\"valueName\":\"search_term_string\"}}],\"inLanguage\":\"de\"}]}<\/script>\n<!-- \/ Yoast SEO plugin. -->","yoast_head_json":{"title":"Dienstleistungen - Zikas","robots":{"index":"index","follow":"follow","max-snippet":"max-snippet:-1","max-image-preview":"max-image-preview:large","max-video-preview":"max-video-preview:-1"},"canonical":"https:\/\/zikas.si\/de\/dienstleistungen\/","og_locale":"de_DE","og_type":"article","og_title":"Dienstleistungen - Zikas","og_url":"https:\/\/zikas.si\/de\/dienstleistungen\/","og_site_name":"Zikas","article_modified_time":"2020-02-18T14:30:07+00:00","twitter_card":"summary_large_image","schema":{"@context":"https:\/\/schema.org","@graph":[{"@type":"WebPage","@id":"https:\/\/zikas.si\/de\/dienstleistungen\/","url":"https:\/\/zikas.si\/de\/dienstleistungen\/","name":"Dienstleistungen - Zikas","isPartOf":{"@id":"https:\/\/zikas.si\/#website"},"datePublished":"2019-09-11T12:56:30+00:00","dateModified":"2020-02-18T14:30:07+00:00","breadcrumb":{"@id":"https:\/\/zikas.si\/de\/dienstleistungen\/#breadcrumb"},"inLanguage":"de","potentialAction":[{"@type":"ReadAction","target":["https:\/\/zikas.si\/de\/dienstleistungen\/"]}]},{"@type":"BreadcrumbList","@id":"https:\/\/zikas.si\/de\/dienstleistungen\/#breadcrumb","itemListElement":[{"@type":"ListItem","position":1,"name":"Startseite","item":"https:\/\/zikas.si\/de\/"},{"@type":"ListItem","position":2,"name":"Dienstleistungen"}]},{"@type":"WebSite","@id":"https:\/\/zikas.si\/#website","url":"https:\/\/zikas.si\/","name":"Zikas","description":"prodaja elektro vodnikov, kablov ter ostalega elektro materiala","potentialAction":[{"@type":"SearchAction","target":{"@type":"EntryPoint","urlTemplate":"https:\/\/zikas.si\/?s={search_term_string}"},"query-input":{"@type":"PropertyValueSpecification","valueRequired":true,"valueName":"search_term_string"}}],"inLanguage":"de"}]}},"_links":{"self":[{"href":"https:\/\/zikas.si\/de\/wp-json\/wp\/v2\/pages\/11801","targetHints":{"allow":["GET"]}}],"collection":[{"href":"https:\/\/zikas.si\/de\/wp-json\/wp\/v2\/pages"}],"about":[{"href":"https:\/\/zikas.si\/de\/wp-json\/wp\/v2\/types\/page"}],"author":[{"embeddable":true,"href":"https:\/\/zikas.si\/de\/wp-json\/wp\/v2\/users\/1"}],"replies":[{"embeddable":true,"href":"https:\/\/zikas.si\/de\/wp-json\/wp\/v2\/comments?post=11801"}],"version-history":[{"count":2,"href":"https:\/\/zikas.si\/de\/wp-json\/wp\/v2\/pages\/11801\/revisions"}],"predecessor-version":[{"id":11864,"href":"https:\/\/zikas.si\/de\/wp-json\/wp\/v2\/pages\/11801\/revisions\/11864"}],"wp:attachment":[{"href":"https:\/\/zikas.si\/de\/wp-json\/wp\/v2\/media?parent=11801"}],"curies":[{"name":"wp","href":"https:\/\/api.w.org\/{rel}","templated":true}]}}