{"id":28513,"date":"2019-09-05T12:19:20","date_gmt":"2019-09-05T12:19:20","guid":{"rendered":"http:\/\/zikas.si\/splosni-pogoji\/"},"modified":"2020-04-15T08:23:40","modified_gmt":"2020-04-15T08:23:40","slug":"mitteilungsbedingungen","status":"publish","type":"page","link":"https:\/\/zikas.si\/de\/mitteilungsbedingungen\/","title":{"rendered":"Mitteilungsbedingungen"},"content":{"rendered":"\n<p><em><strong>Allgemeines<\/strong><\/em><br>Wir f\u00fchren die uns erteilten Auftr\u00e4ge grunds\u00e4tzlich nur zu den nachfolgenden Verkaufs-, Liefer- und Zahlungsbedingungen aus, es sei denn, dass wir durch eine schriftliche Erkl\u00e4rung ausdr\u00fccklich eine abweichende Regelung treffen.<br>Eine stillschweigende Anerkennung anderer als unserer Bedingungen, insbesondere auch durch Ausf\u00fchrung des uns erteilten Auftrages, ist daher ausgeschlossen. Wird im Einzelfall ausdr\u00fccklich von unseren allgemeinen Bedingungen abgewichen, so wird dadurch die ausschlie\u00dfliche G\u00fcltigkeit der \u00fcbrigen, nicht abge\u00e4nderten Bedingungen nicht ber\u00fchrt. Mit Auftragserteilung erkennt der Besteller unsere Bedingungen als f\u00fcr sich verbindlich an. Einkaufsbedingungen des Bestellers sind f\u00fcr uns nur dann verbindlich, wenn ihre Geltung von uns ausdr\u00fccklich in schriftlicher Form anerkannt wurde.<\/p>\n\n\n\n<p><em><strong>Vertragsschluss<\/strong><\/em><br>Unsere Angebote sind freibleibend.<br>Offensichtliche interne Satz-, Druck- und Rechenfehler bei Anboten, Abrechnungen etc. binden uns nicht und gew\u00e4hren keinen Anspruch auf Erf\u00fcllung und Schadenersatz unsererseits.<br>Schriftliche, m\u00fcndliche oder fernm\u00fcndlich erteilte Auftr\u00e4ge werden erst durch unsere schriftliche Auftragsbest\u00e4tigung f\u00fcr uns verbindlich.<br>In den F\u00e4llen der Sofortlieferung ersetzt die Rechnungserteilung die Auftragsbest\u00e4tigung. Wir behalten uns vor, bei Sonderanfertigungen die best\u00e4tigte St\u00fcckzahl um 15% zu \u00fcber- bzw. Unterschreiten.<\/p>\n\n\n\n<p><strong><em>Preise<\/em><\/strong><br>Die Preise gelten ab Werk bzw. ab Lager des Verk\u00e4ufers ausschlie\u00dflich Verpackung, Verladung und Umsatzsteuer. Wenn im Zusammenhang mit der Lieferung, Geb\u00fchren, Steuern oder sonstige Abgaben erhoben werden, tr\u00e4gt dies der K\u00e4ufer.<br>Bei einer vom Gesamtangebot abweichenden Bestellung beh\u00e4lt sich der Verk\u00e4ufer eine entsprechende Preis\u00e4nderung vor.<br>Die Preise basieren auf den Kosten zum Zeitpunkt des erstmaligen Preisangebotes. Sollten sich die Kosten bis zum Zeitpunkt der Lieferung ver\u00e4ndern, so ist der Verk\u00e4ufer berechtigt, die Preise entsprechend anzupassen.<br>Bei Reparaturauftr\u00e4gen werden die vom Verk\u00e4ufer als notwendig und zweckm\u00e4\u00dfig erkannten Leistungen erbracht und auf Basis des angefallenen Aufwandes verrechnet. Dies gilt auf f\u00fcr Leistungen und Mehrleistungen, deren Notwendigkeit und Zweckm\u00e4\u00dfigkeit erst w\u00e4hrend der Durchf\u00fchrung des Auftrages zutage treten, wobei es hief\u00fcr keiner besonderen Mitteilung an den K\u00e4ufer bedarf.<br>F\u00fcr die Erstellung von Reparaturangeboten oder f\u00fcr Begutachtungen beim Verk\u00e4ufer auflaufende Kosten sind diesem vom K\u00e4ufer zu verg\u00fcten, auch wenn es zu keiner Auftragserteilung kommt.<br>Die Kabel- und Leitungspreise enthalten eine Kupferbasis von \u20ac 130,- f\u00fcr 100 kg Kupfer und eine Aluminiumbasis von \u20ac 100,- f\u00fcr 100 kg Aluminium.<\/p>\n\n\n\n<p><strong><em>Erf\u00fcllung und Gefahren\u00fcbergang<\/em><\/strong><br>Nutzung und Gefahr gehen sp\u00e4testens ist dem Abgang der Lieferung ab Werk bzw. ab Lager auf den K\u00e4ufer \u00fcber, und zwar unabh\u00e4ngig von der f\u00fcr die Lieferung vereinbarten Preisstellung (wie z.B. franko, cif. u.\u00e4.). Dies gilt auch dann, wenn die Lieferung im Rahmen einer Montage erfolgt oder wenn der Transport durch den Verk\u00e4ufer durchf\u00fchrt oder organisiert und geleitet wird.<br>Bei Leistungen, die keine Lieferung oder deren Teil darstellen, ist der Erf\u00fcllungsort dort, wo die Leistung erbracht wird; die Gefahr f\u00fcr eine Leistung oder eine vereinbarte Teilleistung geht mit ihrer Erbringung auf den K\u00e4ufer \u00fcber.<br>Bei verz\u00f6gertem Abgang aus dem Lieferwerk, der auf Umst\u00e4nde zur\u00fcckzuf\u00fchren ist, die auf seitens des K\u00e4ufers liegen, geht die Gefahr mit dem Tag der Versandbereitschaft auf den K\u00e4ufer \u00fcber. Ist Lieferung auf Abruf vereinbart, so gilt die Ware sp\u00e4testens ein Jahr nach Bestellung als abgerufen. Alle von der Erf\u00fcllung seiten des Verk\u00e4ufers abh\u00e4ngigen Fristen beginnen mit den genannten Zeitpunkten zu laufen.<br>Gesondert vereinbarte G\u00fctepr\u00fcfungen oder Probebetriebe ber\u00fchren nicht die Bestimmungen hinsichtlich Erf\u00fcllungsort und Gefahren\u00fcbergang.<\/p>\n\n\n\n<p><strong><em>Zahlungsbedingungen<\/em><\/strong><br>Unsere Rechnungen sind innerhalb von 30 Tagen nach Rechnungsdatum (ist gleich wie Lieferdatum) ohne jeden Abzug zahlbar; bei Zahlung innerhalb von 10 Tagen nach Rechnungsdatum wird ein Skonto von zwei Prozent gew\u00e4hrt auf Kupfer Bazis. Wechsel werden nur im Einzelfall, nach zuvor erfolgter schriftlicher Vereinbarung angenommen; die Annahme erfolgt nur erf\u00fcllungshalber. Im Falle der Annahme von Wechseln setzen wir stets die Diskontf\u00e4higkeit voraus. Diskont- und Wechselspesen gehen zu Lasten des Bestellers.<br>Zahlt der Besteller nicht vereinbarungsgem\u00e4\u00df, so sind wir, vorbehaltlich weitergehender Anspr\u00fcche, berechtigt, vom Zugang der ersten Mahnung an Zinsen in bank\u00fcblicher H\u00f6he zu berechnen.<br>Ger\u00e4t der Besteller l\u00e4nger als eine Woche mit einem nicht nur unerheblichen Betrag in Zahlungsverzug oder treten Umst\u00e4nde ein, welche begr\u00fcndetet Zweifel an der Kreditw\u00fcrdigkeit des Bestellers rechtfertigen, so werden alle unsere Forderungen ohne R\u00fccksicht auf hereingenommene Wechsel sofort f\u00e4llig. In diesen F\u00e4llen sind wir au\u00dferdem berechtigt, Weiterlieferungen nur gegen Vorauszahlung oder Sicherstellung vorzunehmen oder nach angemessener Nachfrist eine weitere Erf\u00fcllung des Vertrages abzulehnen.<br>Die Zur\u00fcckhaltung von Zahlungen oder die Aufrechnung wegen etwaiger, von uns bestrittener Gegenanspr\u00fcche des Bestellers sind nicht statthaft.<br>Rabatte und Bonuse vom ma\u00dfgeblichen Listenpreis werden unter der Bedingung der vollst\u00e4ndigen und rechtzeitigen Bezahlung gew\u00e4hrt. Im Falle der Einleitung eines Ausgleichs- oder Konkursverfahrens gegen den K\u00e4ufer sind die von uns in den Fakturen abgezogenen Rabatte oder Nachl\u00e4sse ung\u00fcltig. Der K\u00e4ufer ist verpflichtet, den vollen Listenpreis zu bezahlen.<\/p>\n\n\n\n<p><strong><em>Lieferzeit<\/em><\/strong><br>Die Lieferfrist beginnt mit der Absendung der Auftragsbest\u00e4tigung, jedoch nicht vor der Beibringung der vom Besteller zu beschaffenden Unterlagen, Genehmigungen, Freigaben sowie vor Eingang einer vereinbarten Anzahlung.<br>Die Lieferfrist ist eingehalten, wenn der Liefergegenstand bis zu ihrem Ablauf das Werk verlassen hat oder die Versandbereitschaft mitgeteilt ist.<br>Die Lieferfrist verl\u00e4ngert sich angemessen bei Ma\u00dfnahmen im Rahmen von Arbeitsk\u00e4mpfen, insbesondere Streik und Aussperrung sowie beim Eintritt unvorhergesehener Hindernisse, die au\u00dferhalb unseres Willens liegen, soweit solche Hindernisse nachweislich auf die Fertigstellung oder Ablieferung des Liefergegenstandes von erheblichem Einfluss sind. Dies gilt auch dann, wenn die vorgenannten Umst\u00e4nde bei Unterlieferern eintreten. Die vorbezeichneten Umst\u00e4nde sind auch dann von uns nicht zu vertreten, wenn sie w\u00e4hrend eines bereits vorliegenden Verzuges entstehen. Beginn und Ende derartiger Hindernisse werden wir in wichtigen F\u00e4llen dem Besteller baldm\u00f6glichst mitteilen.<\/p>\n\n\n\n<p><strong><em>Eigentumsvorbehalt<\/em><\/strong><br>Wir behalten uns das Eigentum an dem Liefergegenstand bis zum Eingang aller Zahlungen aus dem Liefervertrag vor.<br>Der Besteller ist berechtigt, die Vorbehaltsware im ordnungsgem\u00e4\u00dfen Gesch\u00e4ftsgang zu ver\u00e4u\u00dfern. Er darf den Liefergegenstand vor restloser Bezahlung weder verpf\u00e4nden, noch zur Sicherung \u00fcbereignen. Bei Pf\u00e4ndungen sowie Beschlagnahme oder sonstige Verf\u00fcgungen durch Dritte hat der Besteller uns unverz\u00fcglich davon zu benachrichtigen.<br>Eine Be- oder Verarbeitung der gelieferten Ware erfolgt, ohne uns zu verpflichten, f\u00fcr uns; unser Eigentum geht durch eine Be- oder Verarbeitung nicht unter.<br>Im Falle der Weiterver\u00e4u\u00dferung des Liefergegenstandes tritt der Besteller die ihm aufgrund der Ver\u00e4u\u00dferung zustehende Kaufpreisforderung gegen seine Abnehmer oder Dritte mit s\u00e4mtlichen Nebenrechten im Zeitpunkt des Vertragsabschlusses mit uns ab, ohne dass es eines besonderen weiteren \u00dcbertragungsaktes bedarf.<br>Bei vertragswidrigem Verhalten des Bestellers, insbesondere bei Zahlungsverzug, sind wir zur R\u00fccknahme der gelieferten Gegenst\u00e4nde nach vorheriger Mahnung berechtigt und der Besteller zu deren Herausgabe verpflichtet.<br>Die Geltendmachung der Eigentumsvorbehaltes sowie die Pf\u00e4ndung des Liefergegenstandes durch uns gelten nicht als R\u00fccktritt vom Vertrag, sofern nicht das Abzahlungsgesetz Anwendung findet.<br>\u00dcbersteigt der Wert der uns gegebenen Sicherheiten unsere Forderungen insgesamt um mehr als 20 Prozent, so sind wir auf Verlangen des Bestellers verpflichtet, die Sicherheiten insoweit \u2013 nach unserer Wahl \u2013 freizugeben.<\/p>\n\n\n\n<p><strong><em>Gew\u00e4hrleistung<\/em><\/strong><br>F\u00fcr M\u00e4ngel, zu denen auch des Fehlen zugesicherter Eigenschaften z\u00e4hlt, haften wir unter Ausschluss aller weitergehenden Anspr\u00fcche, indem wir Fehler in der Konstruktion, der Fabrikation, der Farbe, der Qualit\u00e4t oder in der sonstigen Ausf\u00fchrung nach unserer Wahl unentgeltlich innerhalb angemessener Frist nachbessern oder das mangelhafte Teil durch ein einwandfreies ersetzen. Etwa ersetzte Teile sind uns auf Wunsch unentgeltlich zur\u00fcckzusenden.<br>F\u00fcr aufgetretene M\u00e4ngel bei den nach Ausfall- und Freigabemuster gelieferten Waren und Teile haften wir nur insoweit, als die gelieferten Teile von dem Besteller vorgelegten und f\u00fcr gut befundenen Ausfall- und Freigabemustern abweichen. Mangelnde oder nicht ausreichende Funktionskontrolle dieses Musters durch den Besteller geht zu seinen Lasten und entbindet uns von der Gew\u00e4hrleistung und Haftung.<br>Unsere Gew\u00e4hrleistungspflicht setzt voraus, dass der Kunde erkennbare M\u00e4ngel gem\u00e4\u00df \u00a7 377 HGB innerhalb einer Frist von 140 Tagen nach Empfang der Ware bei uns eingehend schriftlich spezifiziert ger\u00fcgt hat. Sp\u00e4ter auftretende M\u00e4ngel sind innerhalb der gleichen Frist gerechnet ab Entdeckung schriftlich spezifiziert zu r\u00fcgen. Die Untersuchungs- und R\u00fcgepflicht besteht auch dann, wenn Ausfall-\/Freigabemuster \u00fcbersandt sind.<br>Unsere Gew\u00e4hrleistungspflicht setzt voraus, dass die Ware einwandfrei montiert in Betrieb genommen und unter genauer Beachtung unserer Betriebsanweisung verwendet wird.<br>Sind wir zu M\u00e4ngelbeseitigung nicht bereit oder nicht in der Lage, insbesondere verz\u00f6gert sich die M\u00e4ngelbeseitigung aus Gr\u00fcnden, die wir zu vertreten haben, \u00fcber angemessene Fristen hinaus, so hat der Kunde das Recht, vom Vertrag zur\u00fcckzutreten oder Minderung des Kaufpreises u verlangen.<br>Weitergehende Anspr\u00fcche, insbesondere Schadenersatzanspr\u00fcche gleich aus welchem Rechtsgrund, und eine Haftung f\u00fcr Folgesch\u00e4den jeglicher Art werden ausgeschlossen. Das gilt auch f\u00fcr zugesicherte Eigenschaften, es sei denn, die Zusicherung bezweckte, den Kunden seinerseits gegen etwaige M\u00e4ngelfolgeschadenrisiken abzusichern oder der Schadenseintritt w\u00e4re durch uns vors\u00e4tzlich oder grob fahrl\u00e4ssig verursacht.<br>Die Gew\u00e4hrleistungspflicht betr\u00e4gt 6 Monate ab Gefahren\u00fcbergang, bei ersatzweise gelieferten Teilen rechnet diese Frist ab Einbau.<\/p>\n\n\n\n<p><strong><em>Gewerbliche Schutzrechte und Urheberrecht<\/em><\/strong><br>Wird eine Ware vom Verk\u00e4ufer aufgrund von Konstruktionsangaben, Zeichnungen, Modellen oder sonstigen Spezifikationen des K\u00e4ufers angefertigt, hat der K\u00e4ufer diesen bei allf\u00e4lliger Verletzung von Schutzrechten schad- und klaglos zu halten.<br>Ausf\u00fchrungsunterlagen wie z.B. Pl\u00e4ne, Skizzen und sonstige technische Unterlagen bleiben ebenso wie Muster, Kataloge, Prospekte, Abbildungen u. dgl. stets geistiges Eigentum des Verk\u00e4ufers und unterliegen den einschl\u00e4gigen gesetzlichen Bestimmungen hinsichtlich Vervielf\u00e4ltigung, Nachahmung, Wettbewerb usw. S\u00e4mtliche Angebots- und Projektunterlagen d\u00fcrfen ohne Zustimmung des Verk\u00e4ufers weder vervielf\u00e4ltigt noch Dritten zug\u00e4nglich gemacht werden. Sie k\u00f6nnen jederzeit zur\u00fcckgefordert werden und sind dem Verk\u00e4ufer sofort zur\u00fcckzustellen, wenn die Bestellung anderweitig erteilt wird.<\/p>\n\n\n\n<p><strong><em>Erf\u00fcllungsort \u2013 Gerichtsstand<\/em><\/strong><br>Erf\u00fcllungsort f\u00fcr alle Verpflichtungen, einschlie\u00dflich eines Anspruchs aus R\u00fccktritt ist Linz.<br>Gerichtsstand ist \u017dalec, Slovenia. Dies gilt auch f\u00fcr Wechsel- und Scheckklagen. Wir sind berechtigt, den Kunden auch an den f\u00fcr seinen Wohnsitz zust\u00e4ndigen Gericht zu klagen.<\/p>\n","protected":false},"excerpt":{"rendered":"<p>AllgemeinesWir f\u00fchren die uns erteilten Auftr\u00e4ge grunds\u00e4tzlich nur zu den nachfolgenden Verkaufs-, Liefer- und Zahlungsbedingungen aus, es sei denn, dass wir durch eine schriftliche Erkl\u00e4rung ausdr\u00fccklich eine abweichende Regelung treffen.Eine stillschweigende Anerkennung anderer als unserer [&#8230;]\n","protected":false},"author":1,"featured_media":0,"parent":0,"menu_order":0,"comment_status":"closed","ping_status":"open","template":"","meta":{"_acf_changed":false,"footnotes":""},"class_list":["post-28513","page","type-page","status-publish","hentry"],"acf":[],"yoast_head":"<!-- This site is optimized with the Yoast SEO plugin v27.3 - https:\/\/yoast.com\/product\/yoast-seo-wordpress\/ -->\n<title>Mitteilungsbedingungen - Zikas<\/title>\n<meta name=\"robots\" content=\"index, follow, max-snippet:-1, max-image-preview:large, max-video-preview:-1\" \/>\n<link rel=\"canonical\" href=\"https:\/\/zikas.si\/de\/mitteilungsbedingungen\/\" \/>\n<meta property=\"og:locale\" content=\"de_DE\" \/>\n<meta property=\"og:type\" content=\"article\" \/>\n<meta property=\"og:title\" content=\"Mitteilungsbedingungen - Zikas\" \/>\n<meta property=\"og:description\" content=\"AllgemeinesWir f\u00fchren die uns erteilten Auftr\u00e4ge grunds\u00e4tzlich nur zu den nachfolgenden Verkaufs-, Liefer- und Zahlungsbedingungen aus, es sei denn, dass wir durch eine schriftliche Erkl\u00e4rung ausdr\u00fccklich eine abweichende Regelung treffen.Eine stillschweigende Anerkennung anderer als unserer [...]\" \/>\n<meta property=\"og:url\" content=\"https:\/\/zikas.si\/de\/mitteilungsbedingungen\/\" \/>\n<meta property=\"og:site_name\" content=\"Zikas\" \/>\n<meta property=\"article:modified_time\" content=\"2020-04-15T08:23:40+00:00\" \/>\n<meta name=\"twitter:card\" content=\"summary_large_image\" \/>\n<meta name=\"twitter:label1\" content=\"Gesch\u00e4tzte Lesezeit\" \/>\n\t<meta name=\"twitter:data1\" content=\"8\u00a0Minuten\" \/>\n<script type=\"application\/ld+json\" class=\"yoast-schema-graph\">{\"@context\":\"https:\\\/\\\/schema.org\",\"@graph\":[{\"@type\":\"WebPage\",\"@id\":\"https:\\\/\\\/zikas.si\\\/de\\\/mitteilungsbedingungen\\\/\",\"url\":\"https:\\\/\\\/zikas.si\\\/de\\\/mitteilungsbedingungen\\\/\",\"name\":\"Mitteilungsbedingungen - Zikas\",\"isPartOf\":{\"@id\":\"https:\\\/\\\/zikas.si\\\/#website\"},\"datePublished\":\"2019-09-05T12:19:20+00:00\",\"dateModified\":\"2020-04-15T08:23:40+00:00\",\"breadcrumb\":{\"@id\":\"https:\\\/\\\/zikas.si\\\/de\\\/mitteilungsbedingungen\\\/#breadcrumb\"},\"inLanguage\":\"de\",\"potentialAction\":[{\"@type\":\"ReadAction\",\"target\":[\"https:\\\/\\\/zikas.si\\\/de\\\/mitteilungsbedingungen\\\/\"]}]},{\"@type\":\"BreadcrumbList\",\"@id\":\"https:\\\/\\\/zikas.si\\\/de\\\/mitteilungsbedingungen\\\/#breadcrumb\",\"itemListElement\":[{\"@type\":\"ListItem\",\"position\":1,\"name\":\"Startseite\",\"item\":\"https:\\\/\\\/zikas.si\\\/de\\\/\"},{\"@type\":\"ListItem\",\"position\":2,\"name\":\"Mitteilungsbedingungen\"}]},{\"@type\":\"WebSite\",\"@id\":\"https:\\\/\\\/zikas.si\\\/#website\",\"url\":\"https:\\\/\\\/zikas.si\\\/\",\"name\":\"Zikas\",\"description\":\"prodaja elektro vodnikov, kablov ter ostalega elektro materiala\",\"potentialAction\":[{\"@type\":\"SearchAction\",\"target\":{\"@type\":\"EntryPoint\",\"urlTemplate\":\"https:\\\/\\\/zikas.si\\\/?s={search_term_string}\"},\"query-input\":{\"@type\":\"PropertyValueSpecification\",\"valueRequired\":true,\"valueName\":\"search_term_string\"}}],\"inLanguage\":\"de\"}]}<\/script>\n<!-- \/ Yoast SEO plugin. -->","yoast_head_json":{"title":"Mitteilungsbedingungen - Zikas","robots":{"index":"index","follow":"follow","max-snippet":"max-snippet:-1","max-image-preview":"max-image-preview:large","max-video-preview":"max-video-preview:-1"},"canonical":"https:\/\/zikas.si\/de\/mitteilungsbedingungen\/","og_locale":"de_DE","og_type":"article","og_title":"Mitteilungsbedingungen - Zikas","og_description":"AllgemeinesWir f\u00fchren die uns erteilten Auftr\u00e4ge grunds\u00e4tzlich nur zu den nachfolgenden Verkaufs-, Liefer- und Zahlungsbedingungen aus, es sei denn, dass wir durch eine schriftliche Erkl\u00e4rung ausdr\u00fccklich eine abweichende Regelung treffen.Eine stillschweigende Anerkennung anderer als unserer [...]","og_url":"https:\/\/zikas.si\/de\/mitteilungsbedingungen\/","og_site_name":"Zikas","article_modified_time":"2020-04-15T08:23:40+00:00","twitter_card":"summary_large_image","twitter_misc":{"Gesch\u00e4tzte Lesezeit":"8\u00a0Minuten"},"schema":{"@context":"https:\/\/schema.org","@graph":[{"@type":"WebPage","@id":"https:\/\/zikas.si\/de\/mitteilungsbedingungen\/","url":"https:\/\/zikas.si\/de\/mitteilungsbedingungen\/","name":"Mitteilungsbedingungen - Zikas","isPartOf":{"@id":"https:\/\/zikas.si\/#website"},"datePublished":"2019-09-05T12:19:20+00:00","dateModified":"2020-04-15T08:23:40+00:00","breadcrumb":{"@id":"https:\/\/zikas.si\/de\/mitteilungsbedingungen\/#breadcrumb"},"inLanguage":"de","potentialAction":[{"@type":"ReadAction","target":["https:\/\/zikas.si\/de\/mitteilungsbedingungen\/"]}]},{"@type":"BreadcrumbList","@id":"https:\/\/zikas.si\/de\/mitteilungsbedingungen\/#breadcrumb","itemListElement":[{"@type":"ListItem","position":1,"name":"Startseite","item":"https:\/\/zikas.si\/de\/"},{"@type":"ListItem","position":2,"name":"Mitteilungsbedingungen"}]},{"@type":"WebSite","@id":"https:\/\/zikas.si\/#website","url":"https:\/\/zikas.si\/","name":"Zikas","description":"prodaja elektro vodnikov, kablov ter ostalega elektro materiala","potentialAction":[{"@type":"SearchAction","target":{"@type":"EntryPoint","urlTemplate":"https:\/\/zikas.si\/?s={search_term_string}"},"query-input":{"@type":"PropertyValueSpecification","valueRequired":true,"valueName":"search_term_string"}}],"inLanguage":"de"}]}},"_links":{"self":[{"href":"https:\/\/zikas.si\/de\/wp-json\/wp\/v2\/pages\/28513","targetHints":{"allow":["GET"]}}],"collection":[{"href":"https:\/\/zikas.si\/de\/wp-json\/wp\/v2\/pages"}],"about":[{"href":"https:\/\/zikas.si\/de\/wp-json\/wp\/v2\/types\/page"}],"author":[{"embeddable":true,"href":"https:\/\/zikas.si\/de\/wp-json\/wp\/v2\/users\/1"}],"replies":[{"embeddable":true,"href":"https:\/\/zikas.si\/de\/wp-json\/wp\/v2\/comments?post=28513"}],"version-history":[{"count":3,"href":"https:\/\/zikas.si\/de\/wp-json\/wp\/v2\/pages\/28513\/revisions"}],"predecessor-version":[{"id":28519,"href":"https:\/\/zikas.si\/de\/wp-json\/wp\/v2\/pages\/28513\/revisions\/28519"}],"wp:attachment":[{"href":"https:\/\/zikas.si\/de\/wp-json\/wp\/v2\/media?parent=28513"}],"curies":[{"name":"wp","href":"https:\/\/api.w.org\/{rel}","templated":true}]}}