{"id":29600,"date":"2026-02-17T13:09:26","date_gmt":"2026-02-17T13:09:26","guid":{"rendered":"https:\/\/zikas.si\/in-ueberarbeitung\/"},"modified":"2026-02-17T13:09:26","modified_gmt":"2026-02-17T13:09:26","slug":"in-ueberarbeitung","status":"publish","type":"page","link":"https:\/\/zikas.si\/de\/in-ueberarbeitung\/","title":{"rendered":"In \u00dcberarbeitung"},"content":{"rendered":"\t<section class=\"section pt-0 pb-0\" id=\"section_120665727\">\n\t\t<div class=\"bg section-bg fill bg-fill  bg-loaded\" >\n\n\t\t\t\n\t\t\t\n\t\t\t\n\n\t\t<\/div><!-- .section-bg -->\n\n\t\t<div class=\"section-content relative\">\n\t\t\t\n<div class=\"row\"  id=\"row-919002086\">\n<div class=\"col small-12 large-12\"  ><div class=\"col-inner\"  >\n<h1>Die Website wird derzeit \u00fcberarbeitet.<\/h1>\n<\/div><\/div>\n<\/div>\n\t\t<\/div><!-- .section-content -->\n\n\t\t\n<style scope=\"scope\">\n\n#section_120665727 {\n  padding-top: 30px;\n  padding-bottom: 30px;\n}\n<\/style>\n\t<\/section>\n\t\n\t<section class=\"section pt-0\" id=\"section_647062846\">\n\t\t<div class=\"bg section-bg fill bg-fill  bg-loaded\" >\n\n\t\t\t\n\t\t\t\n\t\t\t\n\n\t\t<\/div><!-- .section-bg -->\n\n\t\t<div class=\"section-content relative\">\n\t\t\t\n<div class=\"row\"  id=\"row-872022444\">\n<div class=\"col small-12 large-12\"  ><div class=\"col-inner\"  >\n<div class=\"gap-element clearfix\" style=\"display:block; height:auto; padding-top:30px\"><\/div>\n<div class=\"row align-middle\"  id=\"row-809080909\">\n<div class=\"col medium-7 small-12 large-7\"  ><div class=\"col-inner\"  >\n<p>W\u00e4hrend der \u00dcberarbeitung k\u00f6nnen Sie Ihre Anfragen an <a href=\"mailto:info@zikas.si\" target=\"_blank\" rel=\"noopener\">info@zikas.si<\/a> senden. Vielen Dank.\n<\/p>\n<\/div><\/div>\n<div class=\"col medium-5 small-12 large-5\"  ><div class=\"col-inner text-center\"  >\n\t<div class=\"img has-hover x md-x lg-x y md-y lg-y\" id=\"image_1242541386\">\n\t\t\t\t\t\t\t\t<div class=\"img-inner dark\" >\n\t\t\t<img loading=\"lazy\" decoding=\"async\" width=\"1020\" height=\"402\" src=\"https:\/\/zikas.si\/wp-content\/uploads\/2020\/10\/Zikas-headline-dark-e1604051928169-1024x404.png\" class=\"attachment-large size-large\" alt=\"\" srcset=\"https:\/\/zikas.si\/wp-content\/uploads\/2020\/10\/Zikas-headline-dark-e1604051928169-1024x404.png 1024w, https:\/\/zikas.si\/wp-content\/uploads\/2020\/10\/Zikas-headline-dark-e1604051928169-510x201.png 510w, https:\/\/zikas.si\/wp-content\/uploads\/2020\/10\/Zikas-headline-dark-e1604051928169-300x118.png 300w, https:\/\/zikas.si\/wp-content\/uploads\/2020\/10\/Zikas-headline-dark-e1604051928169-768x303.png 768w, https:\/\/zikas.si\/wp-content\/uploads\/2020\/10\/Zikas-headline-dark-e1604051928169-522x206.png 522w, https:\/\/zikas.si\/wp-content\/uploads\/2020\/10\/Zikas-headline-dark-e1604051928169-1000x395.png 1000w, https:\/\/zikas.si\/wp-content\/uploads\/2020\/10\/Zikas-headline-dark-e1604051928169.png 1256w\" sizes=\"auto, (max-width: 1020px) 100vw, 1020px\" \/>\t\t\t\t\t\t\n\t\t\t\t\t<\/div>\n\t\t\t\t\t\t\t\t\n<style scope=\"scope\">\n\n#image_1242541386 {\n  width: 100%;\n}\n<\/style>\n\t<\/div>\n\t\n<\/div><\/div>\n\n<style scope=\"scope\">\n\n<\/style>\n<\/div>\n<\/div><\/div>\n<\/div>\n\t\t<\/div><!-- .section-content -->\n\n\t\t\n<style scope=\"scope\">\n\n#section_647062846 {\n  padding-top: 30px;\n  padding-bottom: 30px;\n}\n<\/style>\n\t<\/section>\n\t\n","protected":false},"excerpt":{"rendered":"","protected":false},"author":1,"featured_media":0,"parent":0,"menu_order":0,"comment_status":"closed","ping_status":"closed","template":"","meta":{"_acf_changed":false,"footnotes":""},"class_list":["post-29600","page","type-page","status-publish","hentry"],"acf":[],"yoast_head":"<!-- This site is optimized with the Yoast SEO plugin v27.3 - https:\/\/yoast.com\/product\/yoast-seo-wordpress\/ -->\n<title>In \u00dcberarbeitung - Zikas<\/title>\n<meta name=\"robots\" content=\"index, follow, max-snippet:-1, max-image-preview:large, max-video-preview:-1\" \/>\n<link rel=\"canonical\" href=\"https:\/\/zikas.si\/in-ueberarbeitung\/\" \/>\n<meta property=\"og:locale\" content=\"de_DE\" \/>\n<meta property=\"og:type\" content=\"article\" \/>\n<meta property=\"og:title\" content=\"In \u00dcberarbeitung - Zikas\" \/>\n<meta property=\"og:url\" content=\"https:\/\/zikas.si\/in-ueberarbeitung\/\" \/>\n<meta property=\"og:site_name\" content=\"Zikas\" \/>\n<meta name=\"twitter:card\" content=\"summary_large_image\" \/>\n<script type=\"application\/ld+json\" class=\"yoast-schema-graph\">{\"@context\":\"https:\\\/\\\/schema.org\",\"@graph\":[{\"@type\":\"WebPage\",\"@id\":\"https:\\\/\\\/zikas.si\\\/in-ueberarbeitung\\\/\",\"url\":\"https:\\\/\\\/zikas.si\\\/in-ueberarbeitung\\\/\",\"name\":\"In \u00dcberarbeitung - Zikas\",\"isPartOf\":{\"@id\":\"https:\\\/\\\/zikas.si\\\/#website\"},\"datePublished\":\"2026-02-17T13:09:26+00:00\",\"breadcrumb\":{\"@id\":\"https:\\\/\\\/zikas.si\\\/in-ueberarbeitung\\\/#breadcrumb\"},\"inLanguage\":\"de\",\"potentialAction\":[{\"@type\":\"ReadAction\",\"target\":[\"https:\\\/\\\/zikas.si\\\/in-ueberarbeitung\\\/\"]}]},{\"@type\":\"BreadcrumbList\",\"@id\":\"https:\\\/\\\/zikas.si\\\/in-ueberarbeitung\\\/#breadcrumb\",\"itemListElement\":[{\"@type\":\"ListItem\",\"position\":1,\"name\":\"Startseite\",\"item\":\"https:\\\/\\\/zikas.si\\\/de\\\/\"},{\"@type\":\"ListItem\",\"position\":2,\"name\":\"In \u00dcberarbeitung\"}]},{\"@type\":\"WebSite\",\"@id\":\"https:\\\/\\\/zikas.si\\\/#website\",\"url\":\"https:\\\/\\\/zikas.si\\\/\",\"name\":\"Zikas\",\"description\":\"prodaja elektro vodnikov, kablov ter ostalega elektro materiala\",\"potentialAction\":[{\"@type\":\"SearchAction\",\"target\":{\"@type\":\"EntryPoint\",\"urlTemplate\":\"https:\\\/\\\/zikas.si\\\/?s={search_term_string}\"},\"query-input\":{\"@type\":\"PropertyValueSpecification\",\"valueRequired\":true,\"valueName\":\"search_term_string\"}}],\"inLanguage\":\"de\"}]}<\/script>\n<!-- \/ Yoast SEO plugin. -->","yoast_head_json":{"title":"In \u00dcberarbeitung - Zikas","robots":{"index":"index","follow":"follow","max-snippet":"max-snippet:-1","max-image-preview":"max-image-preview:large","max-video-preview":"max-video-preview:-1"},"canonical":"https:\/\/zikas.si\/in-ueberarbeitung\/","og_locale":"de_DE","og_type":"article","og_title":"In \u00dcberarbeitung - Zikas","og_url":"https:\/\/zikas.si\/in-ueberarbeitung\/","og_site_name":"Zikas","twitter_card":"summary_large_image","schema":{"@context":"https:\/\/schema.org","@graph":[{"@type":"WebPage","@id":"https:\/\/zikas.si\/in-ueberarbeitung\/","url":"https:\/\/zikas.si\/in-ueberarbeitung\/","name":"In \u00dcberarbeitung - Zikas","isPartOf":{"@id":"https:\/\/zikas.si\/#website"},"datePublished":"2026-02-17T13:09:26+00:00","breadcrumb":{"@id":"https:\/\/zikas.si\/in-ueberarbeitung\/#breadcrumb"},"inLanguage":"de","potentialAction":[{"@type":"ReadAction","target":["https:\/\/zikas.si\/in-ueberarbeitung\/"]}]},{"@type":"BreadcrumbList","@id":"https:\/\/zikas.si\/in-ueberarbeitung\/#breadcrumb","itemListElement":[{"@type":"ListItem","position":1,"name":"Startseite","item":"https:\/\/zikas.si\/de\/"},{"@type":"ListItem","position":2,"name":"In \u00dcberarbeitung"}]},{"@type":"WebSite","@id":"https:\/\/zikas.si\/#website","url":"https:\/\/zikas.si\/","name":"Zikas","description":"prodaja elektro vodnikov, kablov ter ostalega elektro materiala","potentialAction":[{"@type":"SearchAction","target":{"@type":"EntryPoint","urlTemplate":"https:\/\/zikas.si\/?s={search_term_string}"},"query-input":{"@type":"PropertyValueSpecification","valueRequired":true,"valueName":"search_term_string"}}],"inLanguage":"de"}]}},"_links":{"self":[{"href":"https:\/\/zikas.si\/de\/wp-json\/wp\/v2\/pages\/29600","targetHints":{"allow":["GET"]}}],"collection":[{"href":"https:\/\/zikas.si\/de\/wp-json\/wp\/v2\/pages"}],"about":[{"href":"https:\/\/zikas.si\/de\/wp-json\/wp\/v2\/types\/page"}],"author":[{"embeddable":true,"href":"https:\/\/zikas.si\/de\/wp-json\/wp\/v2\/users\/1"}],"replies":[{"embeddable":true,"href":"https:\/\/zikas.si\/de\/wp-json\/wp\/v2\/comments?post=29600"}],"version-history":[{"count":0,"href":"https:\/\/zikas.si\/de\/wp-json\/wp\/v2\/pages\/29600\/revisions"}],"wp:attachment":[{"href":"https:\/\/zikas.si\/de\/wp-json\/wp\/v2\/media?parent=29600"}],"curies":[{"name":"wp","href":"https:\/\/api.w.org\/{rel}","templated":true}]}}